{"id":28380,"date":"2024-09-28T06:04:25","date_gmt":"2024-09-28T06:04:25","guid":{"rendered":"https:\/\/visageconceptstore.eu\/?page_id=28380"},"modified":"2024-09-28T08:17:29","modified_gmt":"2024-09-28T08:17:29","slug":"izjava-o-privatnosti-podataka","status":"publish","type":"page","link":"https:\/\/visageconceptstore.eu\/en\/izjava-o-privatnosti-podataka\/","title":{"rendered":"Privacy policy"},"content":{"rendered":"<div data-elementor-type=\"wp-page\" data-elementor-id=\"28380\" class=\"elementor elementor-28380\" data-elementor-post-type=\"page\">\n\t\t\t\t<div class=\"wd-negative-gap elementor-element elementor-element-cac6112 e-flex e-con-boxed e-con e-parent\" data-id=\"cac6112\" data-element_type=\"container\">\n\t\t\t\t\t<div class=\"e-con-inner\">\n\t\t\t\t<div class=\"elementor-element elementor-element-cbd5ba8 text-center color-scheme-inherit elementor-widget elementor-widget-text-editor\" data-id=\"cbd5ba8\" data-element_type=\"widget\" data-widget_type=\"text-editor.default\">\n\t\t\t\t<div class=\"elementor-widget-container\">\n\t\t\t\t\t\t\tADRIATIC SUMMER j.d.o.o. (hereinafter: the Company), in accordance with the provisions of\nArticle 7 of the Personal Data Protection Act (Narodne novine, No. 106\/12 \u2013 consolidated text)\nand Article 7 of Regulation (EU) 2016\/679 of the European Parliament and Council of April 27,\n2016, on the protection of individuals with regard to the processing of personal data and on the\nfree movement of such data, and repealing Directive 95\/46\/EC (General Data Protection\nRegulation), informs all users regarding the processing of personal data.\t\t\t\t\t\t<\/div>\n\t\t\t\t<\/div>\n\t\t\t\t\t<\/div>\n\t\t\t\t<\/div>\n\t\t<div class=\"wd-negative-gap elementor-element elementor-element-e8f4c67 e-flex e-con-boxed e-con e-parent\" data-id=\"e8f4c67\" data-element_type=\"container\">\n\t\t\t\t\t<div class=\"e-con-inner\">\n\t\t\t\t<div class=\"elementor-element elementor-element-8d567a0 text-center color-scheme-inherit elementor-widget elementor-widget-text-editor\" data-id=\"8d567a0\" data-element_type=\"widget\" data-widget_type=\"text-editor.default\">\n\t\t\t\t<div class=\"elementor-widget-container translation-block\">**Privacy Statement** <br>\n**Effective Date: September 2023**<\/div>\n\t\t\t\t<\/div>\n\t\t\t\t\t<\/div>\n\t\t\t\t<\/div>\n\t\t<div class=\"wd-negative-gap elementor-element elementor-element-c3149c8 e-flex e-con-boxed e-con e-parent\" data-id=\"c3149c8\" data-element_type=\"container\">\n\t\t\t\t\t<div class=\"e-con-inner\">\n\t\t\t\t<div class=\"elementor-element elementor-element-6280a29 text-center color-scheme-inherit elementor-widget elementor-widget-text-editor\" data-id=\"6280a29\" data-element_type=\"widget\" data-widget_type=\"text-editor.default\">\n\t\t\t\t<div class=\"elementor-widget-container\">\n\t\t\t\t\t\t\tThis Privacy Statement applies to the Company and all its websites and other applications. It\ndescribes how we collect and use information, which may include personal data you provide on\nour websites. It also outlines the choices available to you regarding our use of your personal\ndata and how you can access and update that information.\n\t\t\t\t\t\t<\/div>\n\t\t\t\t<\/div>\n\t\t\t\t\t<\/div>\n\t\t\t\t<\/div>\n\t\t<div class=\"wd-negative-gap elementor-element elementor-element-33fa10f e-flex e-con-boxed e-con e-parent\" data-id=\"33fa10f\" data-element_type=\"container\">\n\t\t\t\t\t<div class=\"e-con-inner\">\n\t\t\t\t<div class=\"elementor-element elementor-element-d27413b text-center color-scheme-inherit elementor-widget elementor-widget-text-editor\" data-id=\"d27413b\" data-element_type=\"widget\" data-widget_type=\"text-editor.default\">\n\t\t\t\t<div class=\"elementor-widget-container\">\n\t\t\t\t\t\t\tThis Privacy Statement is considered an addition to the terms of the General Terms and\nConditions of the Visage Concept Store online store.\t\t\t\t\t\t<\/div>\n\t\t\t\t<\/div>\n\t\t\t\t\t<\/div>\n\t\t\t\t<\/div>\n\t\t<div class=\"wd-negative-gap elementor-element elementor-element-f4db599 e-flex e-con-boxed e-con e-parent\" data-id=\"f4db599\" data-element_type=\"container\">\n\t\t\t\t\t<div class=\"e-con-inner\">\n\t\t\t\t<div class=\"elementor-element elementor-element-04edaa6 text-center color-scheme-inherit elementor-widget elementor-widget-text-editor\" data-id=\"04edaa6\" data-element_type=\"widget\" data-widget_type=\"text-editor.default\">\n\t\t\t\t<div class=\"elementor-widget-container\">\n\t\t\t\t\t\t\tThis Privacy Statement applies to any and all users of the Company's services concerning\nprivacy, specifically in relation to the Personal Data Protection Act of the Republic of Croatia and\nRegulation 2016\/679 of the European Parliament and Council of April 27, 2016, on the\nprotection of individuals with regard to the processing of personal data and on the free\nmovement of such data, and repealing Directive 95\/46\/EC (General Data Protection\nRegulation).\n\t\t\t\t\t\t<\/div>\n\t\t\t\t<\/div>\n\t\t\t\t\t<\/div>\n\t\t\t\t<\/div>\n\t\t<div class=\"wd-negative-gap elementor-element elementor-element-d733ab0 e-flex e-con-boxed e-con e-parent\" data-id=\"d733ab0\" data-element_type=\"container\">\n\t\t\t\t\t<div class=\"e-con-inner\">\n\t\t\t\t<div class=\"elementor-element elementor-element-30a8e60 text-center color-scheme-inherit elementor-widget elementor-widget-text-editor\" data-id=\"30a8e60\" data-element_type=\"widget\" data-widget_type=\"text-editor.default\">\n\t\t\t\t<div class=\"elementor-widget-container\">\n\t\t\t\t\t\t\t<p>**Data Collection**<\/p>\t\t\t\t\t\t<\/div>\n\t\t\t\t<\/div>\n\t\t\t\t<div class=\"elementor-element elementor-element-90afa96 text-center color-scheme-inherit elementor-widget elementor-widget-text-editor\" data-id=\"90afa96\" data-element_type=\"widget\" data-widget_type=\"text-editor.default\">\n\t\t\t\t<div class=\"elementor-widget-container\">\n\t\t\t\t\t\t\the types of personal data we collect include:\n- Your first name, last name, email address, phone number, and home address.\n- Personal identification number, ID card or passport number.\n- A copy, scan, or photograph of your ID card or passport and date of birth may be collected for\nidentification purposes, either upon request by a delivery driver or through an application.\nBiometric data (such as facial photos) from IDs or passports, even if uploaded to our website or\nonline application, will never be stored or processed. Service may be denied (e.g., delivery of a\nshipment if you do not provide an ID card or passport).\n- Bank account numbers may be collected for transferring money during cash on delivery\npayments or for refund requests in case of order cancellation and product returns.\n- Video recordings may be collected in any of the Company's premises. If voice recordings are\ncollected, you will always be informed. Video recordings are primarily collected for quality,\nsafety, and fraud detection purposes. License plate numbers of vehicles may be visible on video\nrecordings.\n- Credit card information (card type, number, cardholder name, expiration date, and security\ncode) may be collected if payment by credit card is offered for a particular service, in\t\t\t\t\t\t<\/div>\n\t\t\t\t<\/div>\n\t\t\t\t\t<\/div>\n\t\t\t\t<\/div>\n\t\t<div class=\"wd-negative-gap elementor-element elementor-element-54cd9c2 e-flex e-con-boxed e-con e-parent\" data-id=\"54cd9c2\" data-element_type=\"container\">\n\t\t\t\t\t<div class=\"e-con-inner\">\n\t\t\t\t<div class=\"elementor-element elementor-element-55c2a20 text-center color-scheme-inherit elementor-widget elementor-widget-text-editor\" data-id=\"55c2a20\" data-element_type=\"widget\" data-widget_type=\"text-editor.default\">\n\t\t\t\t<div class=\"elementor-widget-container\">\n\t\t\t\t\t\t\t<p class=\" translation-block\">accordance with credit card rules and credit card processors. Data related to your marketing\npreferences or provided during participation in surveys, contests, or promotional offers.\nYou can always choose which personal data (if any) you want to provide. However, if you\nchoose not to provide certain details, it may affect some of your transactions with us or result in\nservices being denied.<\/p>\t\t\t\t\t\t<\/div>\n\t\t\t\t<\/div>\n\t\t\t\t<div class=\"elementor-element elementor-element-62f2e4c text-center color-scheme-inherit elementor-widget elementor-widget-text-editor\" data-id=\"62f2e4c\" data-element_type=\"widget\" data-widget_type=\"text-editor.default\">\n\t\t\t\t<div class=\"elementor-widget-container\">\n\t\t\t\t\t\t\t**Data We Collect Automatically**\n\t\t\t\t\t\t<\/div>\n\t\t\t\t<\/div>\n\t\t\t\t<div class=\"elementor-element elementor-element-2a89b0b text-center color-scheme-inherit elementor-widget elementor-widget-text-editor\" data-id=\"2a89b0b\" data-element_type=\"widget\" data-widget_type=\"text-editor.default\">\n\t\t\t\t<div class=\"elementor-widget-container\">\n\t\t\t\t\t\t\t<p class=\" translation-block\">When you use our website, we also collect information automatically, some of which may be\npersonal data. This includes data such as language settings, IP address, location, device\nsettings, device operating system, login information, usage time, requested URL, status report,\nuser agent (browser version information), operating system, browsing history, user ID from\nexternal services like social networks (if you consent and explicitly permit this), and types of\ndata viewed. We may also collect data automatically through cookies.<\/p>\t\t\t\t\t\t<\/div>\n\t\t\t\t<\/div>\n\t\t\t\t\t<\/div>\n\t\t\t\t<\/div>\n\t\t<div class=\"wd-negative-gap elementor-element elementor-element-c10d10e e-flex e-con-boxed e-con e-parent\" data-id=\"c10d10e\" data-element_type=\"container\">\n\t\t\t\t\t<div class=\"e-con-inner\">\n\t\t\t\t<div class=\"elementor-element elementor-element-0f63901 text-center color-scheme-inherit elementor-widget elementor-widget-text-editor\" data-id=\"0f63901\" data-element_type=\"widget\" data-widget_type=\"text-editor.default\">\n\t\t\t\t<div class=\"elementor-widget-container\">\n\t\t\t\t\t\t\t<p>**Purposes of Processing**<\/p>\t\t\t\t\t\t<\/div>\n\t\t\t\t<\/div>\n\t\t\t\t<div class=\"elementor-element elementor-element-c6b57a1 text-center color-scheme-inherit elementor-widget elementor-widget-text-editor\" data-id=\"c6b57a1\" data-element_type=\"widget\" data-widget_type=\"text-editor.default\">\n\t\t\t\t<div class=\"elementor-widget-container\">\n\t\t\t\t\t\t\tWe use your data for the following purposes:\n\t\t\t\t\t\t<\/div>\n\t\t\t\t<\/div>\n\t\t\t\t<div class=\"elementor-element elementor-element-669c560 text-center color-scheme-inherit elementor-widget elementor-widget-text-editor\" data-id=\"669c560\" data-element_type=\"widget\" data-widget_type=\"text-editor.default\">\n\t\t\t\t<div class=\"elementor-widget-container\">\n\t\t\t\t\t\t\t<p class=\" translation-block\">A. **Delivery Information**: We use your personal data to complete and manage your delivery\nrequests or requests from third parties involved in the delivery process, including the delivery\ndriver, recipient, payment receiver, and our cooperators who may arise from using our online or\noffline services.\nB. **Customer Service**: We use your personal data to provide Company services.\nC. **User Reviews**: We may use your data to send you an email invitation to write a user\nreview after providing you with a service. This can help other users choose the service that best\nsuits them. If you submit a user review, it may be published on our website.\nD. **Marketing Activities**: We also use your data for marketing purposes, to the extent\npermitted by law. When using your personal data for direct marketing purposes (e.g.,\ncommercial newsletters and marketing notices about new products and services or other offers\nwe believe may interest you), we include an opt-out link if you do not want to receive them.\nE. **Other Communications**: Depending on the data you provided, we may contact you via\nemail, mail, phone, or SMS. This may be for several reasons:\na. To address and respond to your requests as needed.\nb. If you have not completed a purchase or your shipment has not been delivered, we may\nsend you an email or SMS as a reminder to complete the delivery request, especially if there is\na delivery exception (e.g., shipment sent to the wrong address, recipient was absent, or similar\nevents).\nc. When using our services, we may send you a questionnaire or request a review of your\nexperience with our website. We believe this additional service is beneficial for both you and us\nas your feedback can help us improve our website.\nF. **Analysis, Improvement, and Research**: We use personal data for research and analysis\npurposes. We may engage a third party to conduct this on our behalf. We may share or disclose\nthe results of such research (including with third parties) in an anonymous, aggregate form. We\nuse your personal data for analytical purposes, to improve our services, enhance user\nexperience, and improve the functionality and quality of our online delivery services.\nG. **Security, Fraud Detection, and Prevention**: We use information, which may include\npersonal data, to prevent fraud and other illegal or unauthorized activities. We also use this\ninformation to investigate and detect fraud. Personal data may be used to assess risk and for\nsecurity purposes, including user authentication. For these purposes, personal data may be\nshared with third parties such as law enforcement authorities, all in compliance with applicable\nlaws and external advisors.\nH. **Legal Purposes and Compliance**: In certain cases, the information you provide, which\nmay include personal data, is necessary for resolving legal disputes or complaints, regulatory\ninvestigations, and compliance, to enforce agreements, or for compliance with legal\nrequirements by law enforcement agencies if legally mandated.\nIf we use automated means to process personal data resulting in legal effects or significantly\naffecting you, we will use reasonable measures to protect your rights and freedoms, including\nthe right to human intervention.\nWe will never process personal data in automated decision-making that would place you in a\ndisadvantaged position compared to other private individuals<\/p>\t\t\t\t\t\t<\/div>\n\t\t\t\t<\/div>\n\t\t\t\t\t<\/div>\n\t\t\t\t<\/div>\n\t\t<div class=\"wd-negative-gap elementor-element elementor-element-75d4517 e-flex e-con-boxed e-con e-parent\" data-id=\"75d4517\" data-element_type=\"container\">\n\t\t\t\t\t<div class=\"e-con-inner\">\n\t\t\t\t<div class=\"elementor-element elementor-element-c4bb34c text-center color-scheme-inherit elementor-widget elementor-widget-text-editor\" data-id=\"c4bb34c\" data-element_type=\"widget\" data-widget_type=\"text-editor.default\">\n\t\t\t\t<div class=\"elementor-widget-container\">\n\t\t\t\t\t\t\t<p>**Legal Bases**<\/p>\t\t\t\t\t\t<\/div>\n\t\t\t\t<\/div>\n\t\t\t\t<div class=\"elementor-element elementor-element-0146116 text-center color-scheme-inherit elementor-widget elementor-widget-text-editor\" data-id=\"0146116\" data-element_type=\"widget\" data-widget_type=\"text-editor.default\">\n\t\t\t\t<div class=\"elementor-widget-container\">\n\t\t\t\t\t\t\t<p class=\" translation-block\">For purposes A and B, we rely on contract performance: Using your data may be necessary for\nthe performance of a contract you or another party have entered into with us for providing\ndelivery services and purchases. For instance, if you use our services to order a product and\narrange delivery online or offline, we will use your data to fulfill our obligation to perform and\nmanage that service within the contract we have with you. If there is no specific contract, the\nGeneral Terms and Conditions and General Terms of Use of the website and online application\napply.\nFor purposes C \u2013 H, we rely on legitimate interests: We use your data for our legitimate\npurposes, such as providing the most relevant content for the site, emails, and newsletters,\nimproving and promoting our products and services, and content on our website, administrative\npurposes, fraud detection, and legal purposes. When using personal data for our legitimate\npurposes, we always prioritize your rights and interests over our rights and interests.\nFor purpose H, we also rely, as applicable, on our obligation to comply with applicable laws.\nIf required by applicable law, we will seek your consent before processing your personal data for\ndirect marketing purposes.\nIf required by applicable law, we will seek your consent. You can withdraw your consent at any\ntime by contacting us at any of the addresses provided at the end of this Privacy Statement.\nIf you wish to object to the data processing described in C \u2013 F and there is no direct opt-out\nmechanism available (e.g., in your account settings), please contact\ninfo@visageconceptstore.eu.<\/p>\t\t\t\t\t\t<\/div>\n\t\t\t\t<\/div>\n\t\t\t\t\t<\/div>\n\t\t\t\t<\/div>\n\t\t<div class=\"wd-negative-gap elementor-element elementor-element-035d891 e-flex e-con-boxed e-con e-parent\" data-id=\"035d891\" data-element_type=\"container\">\n\t\t\t\t\t<div class=\"e-con-inner\">\n\t\t\t\t<div class=\"elementor-element elementor-element-5b76f20 text-center color-scheme-inherit elementor-widget elementor-widget-text-editor\" data-id=\"5b76f20\" data-element_type=\"widget\" data-widget_type=\"text-editor.default\">\n\t\t\t\t<div class=\"elementor-widget-container\">\n\t\t\t\t\t\t\t**Data Sharing**\n\t\t\t\t\t\t<\/div>\n\t\t\t\t<\/div>\n\t\t\t\t<div class=\"elementor-element elementor-element-f825e74 text-center color-scheme-inherit elementor-widget elementor-widget-text-editor\" data-id=\"f825e74\" data-element_type=\"widget\" data-widget_type=\"text-editor.default\">\n\t\t\t\t<div class=\"elementor-widget-container\">\n\t\t\t\t\t\t\tThis may include personal data such as your name, contact details, payment information, and\nany preferences or service requests you have provided when ordering delivery.\nWe share your data with our partners, including transportation companies and independent\ncontractors, solely for processing the shipment from receipt to delivery and any related activities\n(including, but not limited to, customer service). We do not sell or rent your data.\t\t\t\t\t\t<\/div>\n\t\t\t\t<\/div>\n\t\t\t\t\t<\/div>\n\t\t\t\t<\/div>\n\t\t<div class=\"wd-negative-gap elementor-element elementor-element-562eaf2 e-flex e-con-boxed e-con e-parent\" data-id=\"562eaf2\" data-element_type=\"container\">\n\t\t\t\t\t<div class=\"e-con-inner\">\n\t\t\t\t<div class=\"elementor-element elementor-element-84dc74d text-center color-scheme-inherit elementor-widget elementor-widget-text-editor\" data-id=\"84dc74d\" data-element_type=\"widget\" data-widget_type=\"text-editor.default\">\n\t\t\t\t<div class=\"elementor-widget-container\">\n\t\t\t\t\t\t\t<p>**Authorities**<\/p>\t\t\t\t\t\t<\/div>\n\t\t\t\t<\/div>\n\t\t\t\t<div class=\"elementor-element elementor-element-4379812 text-center color-scheme-inherit elementor-widget elementor-widget-text-editor\" data-id=\"4379812\" data-element_type=\"widget\" data-widget_type=\"text-editor.default\">\n\t\t\t\t<div class=\"elementor-widget-container\">\n\t\t\t\t\t\t\t<p class=\" translation-block\">We disclose personal data to law enforcement and other government bodies if required by law\nor strictly necessary to prevent, detect, or prosecute criminal offenses and fraud.<\/p>\t\t\t\t\t\t<\/div>\n\t\t\t\t<\/div>\n\t\t\t\t<div class=\"elementor-element elementor-element-e7c8432 text-center color-scheme-inherit elementor-widget elementor-widget-text-editor\" data-id=\"e7c8432\" data-element_type=\"widget\" data-widget_type=\"text-editor.default\">\n\t\t\t\t<div class=\"elementor-widget-container\">\n\t\t\t\t\t\t\t**International Data Transfers**\n\t\t\t\t\t\t<\/div>\n\t\t\t\t<\/div>\n\t\t\t\t<div class=\"elementor-element elementor-element-e1c971c text-center color-scheme-inherit elementor-widget elementor-widget-text-editor\" data-id=\"e1c971c\" data-element_type=\"widget\" data-widget_type=\"text-editor.default\">\n\t\t\t\t<div class=\"elementor-widget-container\">\n\t\t\t\t\t\t\tThe transfer of personal data described in this Privacy Statement may involve international\ntransfers to countries whose data protection laws may not be as comprehensive as those within\nthe European Union. When required by European law, we will only send personal data to\nrecipients who provide an adequate level of data protection. In such cases, we enter into\ncontracts to ensure that your personal data remains protected according to European\nstandards. You can request access to these contractual items at the contact information\nprovided below.\n\t\t\t\t\t\t<\/div>\n\t\t\t\t<\/div>\n\t\t\t\t\t<\/div>\n\t\t\t\t<\/div>\n\t\t<div class=\"wd-negative-gap elementor-element elementor-element-35d1d3c e-flex e-con-boxed e-con e-parent\" data-id=\"35d1d3c\" data-element_type=\"container\">\n\t\t\t\t\t<div class=\"e-con-inner\">\n\t\t\t\t<div class=\"elementor-element elementor-element-52f3c3d text-center color-scheme-inherit elementor-widget elementor-widget-text-editor\" data-id=\"52f3c3d\" data-element_type=\"widget\" data-widget_type=\"text-editor.default\">\n\t\t\t\t<div class=\"elementor-widget-container\">\n\t\t\t\t\t\t\t<p class=\" translation-block\">**Security**<br>\nAll our business and online applications and partners implement reasonable measures to\nprevent unauthorized access and misuse of information, including personal data. To protect and\nsecure information and personal data, we use appropriate business systems and procedures.\nWe also employ security procedures and technical and physical restrictions to access and use\npersonal data on our servers. Access to personal data is permitted only to authorized personnel\nfor business purposes.<br>\n**Data Retention**<br>\nWe will retain your data, which may include personal data, if we deem necessary to provide you\nwith a service, comply with applicable laws, resolve disputes with\nyou or other third parties, and prevent fraud. The duration of retention will be determined by the\nnature of the service provided, the type of data, and applicable legal and regulatory\nrequirements.<br>\n**Your Rights**<br>\nYou have the right to:<br>\n- **Access**: Request a copy of the personal data we hold about you.\n- **Rectification**: Request that we correct any inaccuracies in the personal data we hold about\nyou.\n\n- **Erasure**: Request that we delete your personal data under certain circumstances.\n\n- **Restriction**: Request that we restrict the processing of your personal data under certain\ncircumstances.\n\n- **Portability**: Request that we transfer your personal data to another data controller or\nprovide it to you in a structured, commonly used, and machine-readable format.\n\n- **Objection**: Object to the processing of your personal data under certain circumstances,\nincluding processing for direct marketing purposes.\nIf you wish to exercise any of these rights, please contact us at the contact information provided\nbelow.<br>\n**Contact Information**<br>\nFor any questions or requests regarding this Privacy Statement or your personal data, please\ncontact us:<br>\n**Email**: info@visageconceptstore.eu\n**Address**: ADRIATIC SUMMER j.d.o.o. , Kamila Pamukovi\u0107a 38, 22211 Vodice<br>\n**Changes to This Privacy Statement**<br>\nWe may update this Privacy Statement from time to time to reflect changes in our practices or\nlegal requirements. We will notify you of any significant changes by posting the revised Privacy\nStatement on our website or through other communication channels.<br>\n**Last Updated**: September 2023<\/p>\t\t\t\t\t\t<\/div>\n\t\t\t\t<\/div>\n\t\t\t\t\t<\/div>\n\t\t\t\t<\/div>\n\t\t\t\t<\/div>","protected":false},"excerpt":{"rendered":"<p>ADRIATIC SUMMER j.d.o.o. (u daljnjem tekstu: Dru\u0161tvo), sukladno odredbama \u010dl. 7. Zakona o za\u0161titi osobnih podataka (Narodne novine, br. 106\/12.<\/p>","protected":false},"author":1,"featured_media":0,"parent":0,"menu_order":0,"comment_status":"closed","ping_status":"closed","template":"elementor_header_footer","meta":{"footnotes":""},"class_list":["post-28380","page","type-page","status-publish","hentry"],"_links":{"self":[{"href":"https:\/\/visageconceptstore.eu\/en\/wp-json\/wp\/v2\/pages\/28380","targetHints":{"allow":["GET"]}}],"collection":[{"href":"https:\/\/visageconceptstore.eu\/en\/wp-json\/wp\/v2\/pages"}],"about":[{"href":"https:\/\/visageconceptstore.eu\/en\/wp-json\/wp\/v2\/types\/page"}],"author":[{"embeddable":true,"href":"https:\/\/visageconceptstore.eu\/en\/wp-json\/wp\/v2\/users\/1"}],"replies":[{"embeddable":true,"href":"https:\/\/visageconceptstore.eu\/en\/wp-json\/wp\/v2\/comments?post=28380"}],"version-history":[{"count":142,"href":"https:\/\/visageconceptstore.eu\/en\/wp-json\/wp\/v2\/pages\/28380\/revisions"}],"predecessor-version":[{"id":28524,"href":"https:\/\/visageconceptstore.eu\/en\/wp-json\/wp\/v2\/pages\/28380\/revisions\/28524"}],"wp:attachment":[{"href":"https:\/\/visageconceptstore.eu\/en\/wp-json\/wp\/v2\/media?parent=28380"}],"curies":[{"name":"wp","href":"https:\/\/api.w.org\/{rel}","templated":true}]}}