{"id":29098,"date":"2026-04-27T19:21:28","date_gmt":"2026-04-27T19:21:28","guid":{"rendered":"https:\/\/visageconceptstore.eu\/?post_type=product&#038;p=29098"},"modified":"2026-04-28T08:03:46","modified_gmt":"2026-04-28T08:03:46","slug":"touch-top-coat-no-wipe-13ml","status":"publish","type":"product","link":"https:\/\/visageconceptstore.eu\/en\/product\/touch-top-coat-no-wipe-13ml\/","title":{"rendered":"TOUCH top coat no wipe 13ml"},"content":{"rendered":"<p>&nbsp;<\/p>\n<p data-start=\"63\" data-end=\"225\"><strong data-start=\"63\" data-end=\"78\">TOP NO WIPE<\/strong> je samoniveliraju\u0107i zavr\u0161ni sjaj za gel lak i gel sustave koji ne ostavlja ljepljivi sloj. Pove\u0107ava intenzitet boje i daje visok, dugotrajan sjaj.<\/p>\n<p data-start=\"227\" data-end=\"409\">\u0160titi premaz od manjih mehani\u010dkih o\u0161te\u0107enja, krzanja i ogrebotina. Kada se nanosi u tankom sloju, mo\u017ee izravnati manje nepravilnosti, dok deblji slojevi mogu blago prigu\u0161iti nijansu.<\/p>\n<p data-start=\"411\" data-end=\"640\">TOP NO WIPE sadr\u017ei umjeren UV filter, \u0161to ga \u010dini idealnim za svjetlije nijanse. Ne uzrokuje \u017eutilo na bijelim i mlije\u010dnim tonovima te je savr\u0161en zavr\u0161ni sloj za francusku manikuru. Kod crnih nijansi mo\u017ee dati blagi plavi podton.<\/p>\n<section class=\"text-token-text-primary w-full focus:outline-none [--shadow-height:45px] has-data-writing-block:pointer-events-none has-data-writing-block:-mt-(--shadow-height) has-data-writing-block:pt-(--shadow-height) [&amp;:has([data-writing-block])&gt;*]:pointer-events-auto [content-visibility:auto] supports-[content-visibility:auto]:[contain-intrinsic-size:auto_100lvh] R6Vx5W_threadScrollVars scroll-mb-[calc(var(--scroll-root-safe-area-inset-bottom,0px)+var(--thread-response-height))] scroll-mt-[calc(var(--header-height)+min(200px,max(70px,20svh)))]\" dir=\"auto\" data-turn-id=\"request-WEB:3aa40518-8de0-499c-bccd-1d5f8375e751-0\" data-testid=\"conversation-turn-2\" data-scroll-anchor=\"false\" data-turn=\"assistant\">\n<div class=\"text-base my-auto mx-auto pb-10 [--thread-content-margin:var(--thread-content-margin-xs,calc(var(--spacing)*4))] @w-sm\/main:[--thread-content-margin:var(--thread-content-margin-sm,calc(var(--spacing)*6))] @w-lg\/main:[--thread-content-margin:var(--thread-content-margin-lg,calc(var(--spacing)*16))] px-(--thread-content-margin)\">\n<div class=\"[--thread-content-max-width:40rem] @w-lg\/main:[--thread-content-max-width:48rem] mx-auto max-w-(--thread-content-max-width) flex-1 group\/turn-messages focus-visible:outline-hidden relative flex w-full min-w-0 flex-col agent-turn\">\n<div class=\"flex max-w-full flex-col gap-4 grow\">\n<div class=\"min-h-8 text-message relative flex w-full flex-col items-end gap-2 text-start break-words whitespace-normal outline-none keyboard-focused:focus-ring [.text-message+&amp;]:mt-1\" dir=\"auto\" tabindex=\"0\" data-message-author-role=\"assistant\" data-message-id=\"7f6f95f8-9288-4db0-a55c-d541ecc9e322\" data-message-model-slug=\"gpt-5-3\" data-turn-start-message=\"true\">\n<div class=\"flex w-full flex-col gap-1 empty:hidden\">\n<div class=\"markdown prose dark:prose-invert w-full wrap-break-word light markdown-new-styling\">\n<p data-start=\"0\" data-end=\"19\"><strong data-start=\"0\" data-end=\"19\">Na\u010din primjene:<\/strong><\/p>\n<p data-start=\"21\" data-end=\"482\">Uklonite ljepljivi sloj s prethodnog materijala.<br data-start=\"69\" data-end=\"72\" \/>Nanesite u tankom sloju; po potrebi lagano izravnajte uz malu koli\u010dinu top coata.<br data-start=\"153\" data-end=\"156\" \/>Za izravnavanje koristite dvostruko manju koli\u010dinu materijala nego kod baznog sloja kako biste izbjegli zamu\u0107enje.<br data-start=\"270\" data-end=\"273\" \/>Nakon polimerizacije ne \u010distiti.<br data-start=\"305\" data-end=\"308\" \/>Nakon su\u0161enja ostavite materijal da se ohladi 1\u20132 minute.<br data-start=\"365\" data-end=\"368\" \/>Nakon hla\u0111enja mo\u017eete obraditi slobodni rub turpijom, nanijeti ulje za kutikulu ili zavr\u0161iti postupak njegom ko\u017ee.<\/p>\n<p data-start=\"484\" data-end=\"526\"><strong data-start=\"484\" data-end=\"504\">Vrijeme su\u0161enja:<\/strong> LED 48W \u2014 120 sekundi<\/p>\n<hr data-start=\"528\" data-end=\"531\" \/>\n<p data-start=\"533\" data-end=\"564\"><strong data-start=\"533\" data-end=\"564\">Prednosti NON-STICKY TOP-a:<\/strong><\/p>\n<ul data-start=\"566\" data-end=\"880\">\n<li data-section-id=\"vgdg93\" data-start=\"566\" data-end=\"600\">bez ljepljivog sloja (no wipe)<\/li>\n<li data-section-id=\"1ghdmg\" data-start=\"601\" data-end=\"621\">sadr\u017ei UV filter<\/li>\n<li data-section-id=\"1rt0w0p\" data-start=\"622\" data-end=\"642\">TPO FREE formula<\/li>\n<li data-section-id=\"1gqzyzk\" data-start=\"643\" data-end=\"669\">dugotrajan visoki sjaj<\/li>\n<li data-section-id=\"1l9ykx2\" data-start=\"670\" data-end=\"701\">ugodna konzistencija za rad<\/li>\n<li data-section-id=\"1a44zst\" data-start=\"702\" data-end=\"734\">prikriva manje nepravilnosti<\/li>\n<li data-section-id=\"2uj98a\" data-start=\"735\" data-end=\"794\">ne razlijeva se niti se skuplja na nail artu (stamping)<\/li>\n<li data-section-id=\"1a03a5m\" data-start=\"795\" data-end=\"829\">ne povla\u010di pigment boje kistom<\/li>\n<li data-section-id=\"1nks2nt\" data-start=\"830\" data-end=\"880\">izdr\u017eljiv zavr\u0161ni sloj bez pucanja i lju\u0161tenja<\/li>\n<\/ul>\n<hr data-start=\"882\" data-end=\"885\" \/>\n<p data-start=\"887\" data-end=\"1026\"><strong data-start=\"887\" data-end=\"900\">Sastojci:<\/strong><br data-start=\"900\" data-end=\"903\" \/>Di-Hema Trimethylhexyl Dicarbamate, HEMA, PEG-4 Dimethacrylate, Hydroxypropyl Methacrylate, Hydroxycyclohexyl Phenyl Ketone<\/p>\n<hr data-start=\"1028\" data-end=\"1031\" \/>\n<p data-start=\"1033\" data-end=\"1203\" data-is-last-node=\"\" data-is-only-node=\"\"><strong data-start=\"1033\" data-end=\"1051\">NON-STICKY TOP<\/strong> je profesionalni zavr\u0161ni sloj koji osigurava postojan sjaj, za\u0161titu premaza i besprijekoran izgled svijetlih i klasi\u010dnih nijansi bez rizika od \u017eu\u0107enja.<\/p>\n<\/div>\n<\/div>\n<\/div>\n<\/div>\n<div class=\"z-0 flex min-h-[46px] justify-start\"><\/div>\n<div class=\"mt-3 w-full empty:hidden\">\n<div class=\"text-center\"><\/div>\n<\/div>\n<\/div>\n<\/div>\n<\/section>\n<div class=\"pointer-events-none -mt-px h-px translate-y-[calc(var(--scroll-root-safe-area-inset-bottom)-14*var(--spacing))]\" aria-hidden=\"true\"><\/div>","protected":false},"excerpt":{"rendered":"<p>&nbsp; TOP NO WIPE je samoniveliraju\u0107i zavr\u0161ni sjaj za gel lak i gel sustave koji ne ostavlja ljepljivi sloj. Pove\u0107ava<\/p>","protected":false},"featured_media":29099,"comment_status":"open","ping_status":"closed","template":"","meta":[],"product_cat":[72],"product_tag":[117,116,118,114,115],"class_list":{"0":"post-29098","1":"product","2":"type-product","3":"status-publish","4":"has-post-thumbnail","6":"product_cat-top-coat","7":"product_tag-non-sticky-top-coat","8":"product_tag-sjaj","9":"product_tag-top","10":"product_tag-top-coat","11":"product_tag-zavrsni-sjaj","13":"first","14":"instock","15":"shipping-taxable","16":"purchasable","17":"product-type-simple"},"_links":{"self":[{"href":"https:\/\/visageconceptstore.eu\/en\/wp-json\/wp\/v2\/product\/29098","targetHints":{"allow":["GET"]}}],"collection":[{"href":"https:\/\/visageconceptstore.eu\/en\/wp-json\/wp\/v2\/product"}],"about":[{"href":"https:\/\/visageconceptstore.eu\/en\/wp-json\/wp\/v2\/types\/product"}],"replies":[{"embeddable":true,"href":"https:\/\/visageconceptstore.eu\/en\/wp-json\/wp\/v2\/comments?post=29098"}],"version-history":[{"count":3,"href":"https:\/\/visageconceptstore.eu\/en\/wp-json\/wp\/v2\/product\/29098\/revisions"}],"predecessor-version":[{"id":29102,"href":"https:\/\/visageconceptstore.eu\/en\/wp-json\/wp\/v2\/product\/29098\/revisions\/29102"}],"wp:featuredmedia":[{"embeddable":true,"href":"https:\/\/visageconceptstore.eu\/en\/wp-json\/wp\/v2\/media\/29099"}],"wp:attachment":[{"href":"https:\/\/visageconceptstore.eu\/en\/wp-json\/wp\/v2\/media?parent=29098"}],"wp:term":[{"taxonomy":"product_cat","embeddable":true,"href":"https:\/\/visageconceptstore.eu\/en\/wp-json\/wp\/v2\/product_cat?post=29098"},{"taxonomy":"product_tag","embeddable":true,"href":"https:\/\/visageconceptstore.eu\/en\/wp-json\/wp\/v2\/product_tag?post=29098"}],"curies":[{"name":"wp","href":"https:\/\/api.w.org\/{rel}","templated":true}]}}