{"id":29101,"date":"2026-04-27T20:22:32","date_gmt":"2026-04-27T20:22:32","guid":{"rendered":"https:\/\/visageconceptstore.eu\/?post_type=product&#038;p=29101"},"modified":"2026-04-28T08:26:02","modified_gmt":"2026-04-28T08:26:02","slug":"touch-top-coat-no-wipe-matte-13ml","status":"publish","type":"product","link":"https:\/\/visageconceptstore.eu\/en\/product\/touch-top-coat-no-wipe-matte-13ml\/","title":{"rendered":"TOUCH Top coat no wipe MATTE 13ml"},"content":{"rendered":"<p><strong>NON-WIPE MATTE<\/strong> \u2014 mat zavr\u0161ni gel bez ljepljivog sloja.<br \/>\nUgodan na dodir, s efektom bar\u0161una. Lako i ravnomjerno se nanosi. Ne stvara dodatnu debljinu zahvaljuju\u0107i tankoj konzistenciji. Ne mijenja nijansu gel laka. Nova, pobolj\u0161ana TPO FREE formula.<\/p>\n<p><strong>Dostupno u pakiranju:<\/strong> 13 ml<\/p>\n<hr \/>\n<p><strong>Prednosti TOP NON-WIPE MATTE:<\/strong><\/p>\n<ul>\n<li>bar\u0161unasti mat efekt na noktima<\/li>\n<li>dugotrajan mat zavr\u0161ni sloj<\/li>\n<li>ne zamu\u0107uje i ne mijenja nijanse boje<\/li>\n<li>otporan na pucanje i ogrebotine<\/li>\n<li>bez jakog mirisa<\/li>\n<li>ravnomjerno se samonivelira<\/li>\n<li>pogodan za sve vrste zavr\u0161nih premaza na noktima<\/li>\n<\/ul>\n<p>&nbsp;<\/p>\n<div class=\"flex max-w-full flex-col gap-4 grow\">\n<div class=\"min-h-8 text-message relative flex w-full flex-col items-end gap-2 text-start break-words whitespace-normal outline-none keyboard-focused:focus-ring [.text-message+&amp;]:mt-1\" dir=\"auto\" tabindex=\"0\" data-message-author-role=\"assistant\" data-message-id=\"6c96dd94-b8d1-4e14-9c93-f8ae6429b2ab\" data-message-model-slug=\"gpt-5-3\" data-turn-start-message=\"true\">\n<div class=\"flex w-full flex-col gap-1 empty:hidden\">\n<div class=\"markdown prose dark:prose-invert w-full wrap-break-word light markdown-new-styling\">\n<p data-start=\"0\" data-end=\"19\"><strong data-start=\"0\" data-end=\"19\">Na\u010din primjene:<\/strong><\/p>\n<ol data-start=\"21\" data-end=\"301\">\n<li data-section-id=\"295rlv\" data-start=\"21\" data-end=\"74\">Uklonite ljepljivi sloj s prethodnog materijala.<\/li>\n<li data-section-id=\"124grbn\" data-start=\"75\" data-end=\"152\">Nanesite tanak sloj te ga nje\u017eno izravnajte s malom koli\u010dinom top coata.<\/li>\n<li data-section-id=\"147j8ih\" data-start=\"153\" data-end=\"229\">Ne pritiskajte kist uz nokat kako biste izbjegli tragove nakon su\u0161enja.<\/li>\n<li data-section-id=\"fz7611\" data-start=\"230\" data-end=\"301\">Prilikom nano\u0161enja preko dizajna koristite lagane i nje\u017ene poteze.<\/li>\n<\/ol>\n<p data-start=\"303\" data-end=\"353\"><strong data-start=\"303\" data-end=\"323\">Vrijeme su\u0161enja:<\/strong> LED lampa 48W \u2014 120 sekundi<\/p>\n<hr data-start=\"355\" data-end=\"358\" \/>\n<p data-start=\"360\" data-end=\"498\" data-is-last-node=\"\" data-is-only-node=\"\"><strong data-start=\"360\" data-end=\"369\">INCI:<\/strong><br data-start=\"369\" data-end=\"372\" \/>Acrylates Copolymer, Acrylates\/VP Copolymer, Silica, Hydroxycyclohexyl Phenyl Ketone, Ethyl Trimethylbenzoyl Phenylphosphinate<\/p>\n<\/div>\n<\/div>\n<\/div>\n<\/div>\n<div class=\"z-0 flex min-h-[46px] justify-start\"><\/div>\n<div class=\"mt-3 w-full empty:hidden\">\n<div class=\"text-center\">\n<div>\n<div class=\"inline-flex border border-gray-100 dark:border-gray-700 rounded-xl\">\n<div class=\"bg-token-main-surface-tertiary w-px flex-1 self-stretch\"><\/div>\n<\/div>\n<\/div>\n<\/div>\n<\/div>","protected":false},"excerpt":{"rendered":"<p>NON-WIPE MATTE \u2014 mat zavr\u0161ni gel bez ljepljivog sloja. Ugodan na dodir, s efektom bar\u0161una. Lako i ravnomjerno se nanosi.<\/p>","protected":false},"featured_media":29103,"comment_status":"open","ping_status":"closed","template":"","meta":[],"product_cat":[72],"product_tag":[120,121,119],"class_list":{"0":"post-29101","1":"product","2":"type-product","3":"status-publish","4":"has-post-thumbnail","6":"product_cat-top-coat","7":"product_tag-mat-top-coat","8":"product_tag-matte-top-coat","9":"product_tag-zavrsni-sloj","11":"first","12":"instock","13":"shipping-taxable","14":"purchasable","15":"product-type-simple"},"_links":{"self":[{"href":"https:\/\/visageconceptstore.eu\/en\/wp-json\/wp\/v2\/product\/29101","targetHints":{"allow":["GET"]}}],"collection":[{"href":"https:\/\/visageconceptstore.eu\/en\/wp-json\/wp\/v2\/product"}],"about":[{"href":"https:\/\/visageconceptstore.eu\/en\/wp-json\/wp\/v2\/types\/product"}],"replies":[{"embeddable":true,"href":"https:\/\/visageconceptstore.eu\/en\/wp-json\/wp\/v2\/comments?post=29101"}],"version-history":[{"count":3,"href":"https:\/\/visageconceptstore.eu\/en\/wp-json\/wp\/v2\/product\/29101\/revisions"}],"predecessor-version":[{"id":29157,"href":"https:\/\/visageconceptstore.eu\/en\/wp-json\/wp\/v2\/product\/29101\/revisions\/29157"}],"wp:featuredmedia":[{"embeddable":true,"href":"https:\/\/visageconceptstore.eu\/en\/wp-json\/wp\/v2\/media\/29103"}],"wp:attachment":[{"href":"https:\/\/visageconceptstore.eu\/en\/wp-json\/wp\/v2\/media?parent=29101"}],"wp:term":[{"taxonomy":"product_cat","embeddable":true,"href":"https:\/\/visageconceptstore.eu\/en\/wp-json\/wp\/v2\/product_cat?post=29101"},{"taxonomy":"product_tag","embeddable":true,"href":"https:\/\/visageconceptstore.eu\/en\/wp-json\/wp\/v2\/product_tag?post=29101"}],"curies":[{"name":"wp","href":"https:\/\/api.w.org\/{rel}","templated":true}]}}