{"id":29105,"date":"2026-04-27T20:28:16","date_gmt":"2026-04-27T20:28:16","guid":{"rendered":"https:\/\/visageconceptstore.eu\/?post_type=product&#038;p=29105"},"modified":"2026-04-28T08:47:53","modified_gmt":"2026-04-28T08:47:53","slug":"touch-blush-cover-baza-13ml","status":"publish","type":"product","link":"https:\/\/visageconceptstore.eu\/en\/product\/touch-blush-cover-baza-13ml\/","title":{"rendered":"TOUCH Blush Cover baza 13ml"},"content":{"rendered":"<p>&nbsp;<\/p>\n<section class=\"text-token-text-primary w-full focus:outline-none [--shadow-height:45px] has-data-writing-block:pointer-events-none has-data-writing-block:-mt-(--shadow-height) has-data-writing-block:pt-(--shadow-height) [&amp;:has([data-writing-block])&gt;*]:pointer-events-auto R6Vx5W_threadScrollVars scroll-mb-[calc(var(--scroll-root-safe-area-inset-bottom,0px)+var(--thread-response-height))] scroll-mt-(--header-height)\" dir=\"auto\" data-turn-id=\"308f7d95-e317-4432-b256-f7ea06e60448\" data-testid=\"conversation-turn-7\" data-scroll-anchor=\"false\" data-turn=\"user\"><\/section>\n<section class=\"text-token-text-primary w-full focus:outline-none [--shadow-height:45px] has-data-writing-block:pointer-events-none has-data-writing-block:-mt-(--shadow-height) has-data-writing-block:pt-(--shadow-height) [&amp;:has([data-writing-block])&gt;*]:pointer-events-auto [content-visibility:auto] supports-[content-visibility:auto]:[contain-intrinsic-size:auto_100lvh] R6Vx5W_threadScrollVars scroll-mb-[calc(var(--scroll-root-safe-area-inset-bottom,0px)+var(--thread-response-height))] scroll-mt-[calc(var(--header-height)+min(200px,max(70px,20svh)))]\" dir=\"auto\" data-turn-id=\"request-WEB:3aa40518-8de0-499c-bccd-1d5f8375e751-3\" data-testid=\"conversation-turn-8\" data-scroll-anchor=\"false\" data-turn=\"assistant\">\n<div class=\"text-base my-auto mx-auto pb-10 [--thread-content-margin:var(--thread-content-margin-xs,calc(var(--spacing)*4))] @w-sm\/main:[--thread-content-margin:var(--thread-content-margin-sm,calc(var(--spacing)*6))] @w-lg\/main:[--thread-content-margin:var(--thread-content-margin-lg,calc(var(--spacing)*16))] px-(--thread-content-margin)\">\n<div class=\"[--thread-content-max-width:40rem] @w-lg\/main:[--thread-content-max-width:48rem] mx-auto max-w-(--thread-content-max-width) flex-1 group\/turn-messages focus-visible:outline-hidden relative flex w-full min-w-0 flex-col agent-turn\">\n<div class=\"flex max-w-full flex-col gap-4 grow\">\n<div class=\"min-h-8 text-message relative flex w-full flex-col items-end gap-2 text-start break-words whitespace-normal outline-none keyboard-focused:focus-ring [.text-message+&amp;]:mt-1\" dir=\"auto\" tabindex=\"0\" data-message-author-role=\"assistant\" data-message-id=\"bb6abba3-be24-4c4d-a8db-668397e04ee0\" data-message-model-slug=\"gpt-5-3\" data-turn-start-message=\"true\">\n<div class=\"flex w-full flex-col gap-1 empty:hidden\">\n<div class=\"markdown prose dark:prose-invert w-full wrap-break-word light markdown-new-styling\">\n<p data-start=\"0\" data-end=\"235\"><strong data-start=\"0\" data-end=\"20\">TOUCH COVER BASE<\/strong> \u2014 elasti\u010dne kamufla\u017ene baze srednje guste konzistencije s izvrsnim svojstvima samoniveliranja. U\u010dinkovito prekrivaju nepravilnosti na nokatnoj plo\u010di te pru\u017eaju elegantan izgled na kratkim i srednje dugim noktima.<\/p>\n<p data-start=\"237\" data-end=\"278\"><strong data-start=\"237\" data-end=\"262\">Dostupno u pakiranju:<\/strong> 13 ml i 30 ml<\/p>\n<hr data-start=\"280\" data-end=\"283\" \/>\n<p data-start=\"285\" data-end=\"316\"><strong data-start=\"285\" data-end=\"316\">Prednosti TOUCH COVER BASE:<\/strong><\/p>\n<ul data-start=\"318\" data-end=\"482\">\n<li data-section-id=\"1jdwlrq\" data-start=\"318\" data-end=\"341\">visoko pigmentirana<\/li>\n<li data-section-id=\"xv72zj\" data-start=\"342\" data-end=\"377\">u potpunosti mijenja boju nokta<\/li>\n<li data-section-id=\"zo81ex\" data-start=\"378\" data-end=\"409\">srednje gusta konzistencija<\/li>\n<li data-section-id=\"645pux\" data-start=\"410\" data-end=\"441\">jednostavna za izravnavanje<\/li>\n<li data-section-id=\"1figiog\" data-start=\"442\" data-end=\"460\">srednje kisela<\/li>\n<li data-section-id=\"dlz1oi\" data-start=\"461\" data-end=\"482\">pH vrijednost 6\u20137<\/li>\n<\/ul>\n<hr data-start=\"484\" data-end=\"487\" \/>\n<p data-start=\"489\" data-end=\"508\"><strong data-start=\"489\" data-end=\"508\">Na\u010din primjene:<\/strong><\/p>\n<ul data-start=\"510\" data-end=\"953\">\n<li data-section-id=\"1s659sq\" data-start=\"510\" data-end=\"563\">Matirajte povr\u0161inu nokta ra\u0161picom granulacije 180<\/li>\n<li data-section-id=\"og3brn\" data-start=\"564\" data-end=\"611\">Odmastite nokatnu plo\u010du cleanerom (fresher)<\/li>\n<li data-section-id=\"1du4wvd\" data-start=\"612\" data-end=\"635\">Nanesite dehydrator<\/li>\n<li data-section-id=\"1jp5npq\" data-start=\"636\" data-end=\"726\">Nanesite ultrabond\/primer polusuhim kistom na vrh nokta, izbjegavaju\u0107i kontakt s ko\u017eom<\/li>\n<li data-section-id=\"1aomxi0\" data-start=\"727\" data-end=\"768\">Nanesite tanki sloj rubber base<\/li>\n<li data-section-id=\"4bhcqe\" data-start=\"769\" data-end=\"798\">Su\u0161ite u lampi 60 sekundi<\/li>\n<li data-section-id=\"1r4o9p6\" data-start=\"799\" data-end=\"826\">Uklonite ljepljivi sloj<\/li>\n<li data-section-id=\"1hsn5ta\" data-start=\"827\" data-end=\"883\">Nanesite prvi tanki sloj i su\u0161ite u lampi 60 sekundi<\/li>\n<li data-section-id=\"i8iy1y\" data-start=\"884\" data-end=\"953\">Nanesite drugi sloj uz minimalno izravnavanje i su\u0161ite 90 sekundi<\/li>\n<\/ul>\n<hr data-start=\"955\" data-end=\"958\" \/>\n<p data-start=\"960\" data-end=\"979\"><strong data-start=\"960\" data-end=\"979\">Karakteristike:<\/strong><\/p>\n<p data-start=\"981\" data-end=\"1233\">Za duge nokte i rad s kamufla\u017enim materijalima preporu\u010duje se kori\u0161tenje Builder gela ili Liquid polygela.<br data-start=\"1087\" data-end=\"1090\" \/>Baze s jednom aplikacijom dostupne su u nude nijansama poput Nude, Rosy Milk i sl.<br data-start=\"1172\" data-end=\"1175\" \/>Maksimalna debljina u apex zoni ne smije prelaziti 1 mm.<\/p>\n<hr data-start=\"1235\" data-end=\"1238\" \/>\n<p data-start=\"1240\" data-end=\"1292\"><strong data-start=\"1240\" data-end=\"1260\">Vrijeme su\u0161enja:<\/strong> LED lampa 48W \u2014 60\u201390 sekundi<\/p>\n<hr data-start=\"1294\" data-end=\"1297\" \/>\n<p data-start=\"1299\" data-end=\"1452\"><strong data-start=\"1299\" data-end=\"1308\">INCI:<\/strong><br data-start=\"1308\" data-end=\"1311\" \/>Di-Hema Trimethylhexyl Dicarbamate, HEMA, Isobornyl Methacrylate, Hydroxycyclohexyl Phenyl Ketone, Ethyl Trimethylbenzoyl Phenylphosphinate<\/p>\n<p data-start=\"1454\" data-end=\"1565\" data-is-last-node=\"\" data-is-only-node=\"\"><strong data-start=\"1454\" data-end=\"1474\">Mo\u017ee sadr\u017eavati:<\/strong><br data-start=\"1474\" data-end=\"1477\" \/>CI 77891, CI 77499, CI 14700, CI 47000, CI 42090, CI 60730, CI 15510, CI 45380, CI 77742<\/p>\n<\/div>\n<\/div>\n<\/div>\n<\/div>\n<\/div>\n<\/div>\n<\/section>","protected":false},"excerpt":{"rendered":"<p>&nbsp; TOUCH COVER BASE \u2014 elasti\u010dne kamufla\u017ene baze srednje guste konzistencije s izvrsnim svojstvima samoniveliranja. U\u010dinkovito prekrivaju nepravilnosti na nokatnoj<\/p>","protected":false},"featured_media":29106,"comment_status":"open","ping_status":"closed","template":"","meta":[],"product_cat":[109],"product_tag":[123,122,113,112],"class_list":{"0":"post-29105","1":"product","2":"type-product","3":"status-publish","4":"has-post-thumbnail","6":"product_cat-baza","7":"product_tag-cover-base","8":"product_tag-cover-baza","9":"product_tag-gradivni-trajni-lak","10":"product_tag-trajni-lak","12":"first","13":"instock","14":"shipping-taxable","15":"purchasable","16":"product-type-simple"},"_links":{"self":[{"href":"https:\/\/visageconceptstore.eu\/en\/wp-json\/wp\/v2\/product\/29105","targetHints":{"allow":["GET"]}}],"collection":[{"href":"https:\/\/visageconceptstore.eu\/en\/wp-json\/wp\/v2\/product"}],"about":[{"href":"https:\/\/visageconceptstore.eu\/en\/wp-json\/wp\/v2\/types\/product"}],"replies":[{"embeddable":true,"href":"https:\/\/visageconceptstore.eu\/en\/wp-json\/wp\/v2\/comments?post=29105"}],"version-history":[{"count":3,"href":"https:\/\/visageconceptstore.eu\/en\/wp-json\/wp\/v2\/product\/29105\/revisions"}],"predecessor-version":[{"id":29159,"href":"https:\/\/visageconceptstore.eu\/en\/wp-json\/wp\/v2\/product\/29105\/revisions\/29159"}],"wp:featuredmedia":[{"embeddable":true,"href":"https:\/\/visageconceptstore.eu\/en\/wp-json\/wp\/v2\/media\/29106"}],"wp:attachment":[{"href":"https:\/\/visageconceptstore.eu\/en\/wp-json\/wp\/v2\/media?parent=29105"}],"wp:term":[{"taxonomy":"product_cat","embeddable":true,"href":"https:\/\/visageconceptstore.eu\/en\/wp-json\/wp\/v2\/product_cat?post=29105"},{"taxonomy":"product_tag","embeddable":true,"href":"https:\/\/visageconceptstore.eu\/en\/wp-json\/wp\/v2\/product_tag?post=29105"}],"curies":[{"name":"wp","href":"https:\/\/api.w.org\/{rel}","templated":true}]}}