{"id":29109,"date":"2026-04-27T20:30:50","date_gmt":"2026-04-27T20:30:50","guid":{"rendered":"https:\/\/visageconceptstore.eu\/?post_type=product&#038;p=29109"},"modified":"2026-04-28T08:54:37","modified_gmt":"2026-04-28T08:54:37","slug":"touch-bubblegum-cover-baza-13ml","status":"publish","type":"product","link":"https:\/\/visageconceptstore.eu\/en\/product\/touch-bubblegum-cover-baza-13ml\/","title":{"rendered":"TOUCH Bubblegum Cover baza 13ml"},"content":{"rendered":"<p><img decoding=\"async\" class=\"alignnone size-full wp-image-29110\" src=\"https:\/\/visageconceptstore.eu\/wp-content\/uploads\/2026\/04\/touch-cover-base-bubblegum-13-ml-200x200-1.webp\" alt=\"\" width=\"200\" height=\"200\" srcset=\"https:\/\/visageconceptstore.eu\/wp-content\/uploads\/2026\/04\/touch-cover-base-bubblegum-13-ml-200x200-1.webp 200w, https:\/\/visageconceptstore.eu\/wp-content\/uploads\/2026\/04\/touch-cover-base-bubblegum-13-ml-200x200-1-150x150.webp 150w, https:\/\/visageconceptstore.eu\/wp-content\/uploads\/2026\/04\/touch-cover-base-bubblegum-13-ml-200x200-1-12x12.webp 12w, https:\/\/visageconceptstore.eu\/wp-content\/uploads\/2026\/04\/touch-cover-base-bubblegum-13-ml-200x200-1-50x50.webp 50w, https:\/\/visageconceptstore.eu\/wp-content\/uploads\/2026\/04\/touch-cover-base-bubblegum-13-ml-200x200-1-100x100.webp 100w\" sizes=\"(max-width: 200px) 100vw, 200px\" \/> <img decoding=\"async\" class=\"alignnone size-medium wp-image-29111\" src=\"https:\/\/visageconceptstore.eu\/wp-content\/uploads\/2026\/04\/touch-cover-base-bubblegum-13-ml-2-200x200-1.webp\" alt=\"\" width=\"200\" height=\"200\" srcset=\"https:\/\/visageconceptstore.eu\/wp-content\/uploads\/2026\/04\/touch-cover-base-bubblegum-13-ml-2-200x200-1.webp 200w, https:\/\/visageconceptstore.eu\/wp-content\/uploads\/2026\/04\/touch-cover-base-bubblegum-13-ml-2-200x200-1-150x150.webp 150w, https:\/\/visageconceptstore.eu\/wp-content\/uploads\/2026\/04\/touch-cover-base-bubblegum-13-ml-2-200x200-1-12x12.webp 12w, https:\/\/visageconceptstore.eu\/wp-content\/uploads\/2026\/04\/touch-cover-base-bubblegum-13-ml-2-200x200-1-50x50.webp 50w, https:\/\/visageconceptstore.eu\/wp-content\/uploads\/2026\/04\/touch-cover-base-bubblegum-13-ml-2-200x200-1-100x100.webp 100w\" sizes=\"(max-width: 200px) 100vw, 200px\" \/><\/p>\n<p>&nbsp;<\/p>\n<p><strong>TOUCH COVER BASE<\/strong> \u2014 elasti\u010dne kamufla\u017ene baze srednje guste konzistencije s izvrsnim svojstvima samoniveliranja. U\u010dinkovito prekrivaju nepravilnosti na nokatnoj plo\u010di te pru\u017eaju elegantan izgled na kratkim i srednje dugim noktima.<\/p>\n<p><strong>Dostupno u pakiranju:<\/strong> 13 ml i 30 ml<\/p>\n<hr \/>\n<p><strong>Prednosti TOUCH COVER BASE:<\/strong><\/p>\n<ul>\n<li>visoko pigmentirana<\/li>\n<li>u potpunosti mijenja boju nokta<\/li>\n<li>srednje gusta konzistencija<\/li>\n<li>jednostavna za izravnavanje<\/li>\n<li>srednje kisela<\/li>\n<li>pH vrijednost 6\u20137<\/li>\n<\/ul>\n<hr \/>\n<p><strong>Na\u010din primjene:<\/strong><\/p>\n<ul>\n<li>Matirajte povr\u0161inu nokta bufferom granulacije 180<\/li>\n<li>Odmastite nokatnu plo\u010du cleanerom (fresher)<\/li>\n<li>Nanesite dehydrator<\/li>\n<li>Nanesite ultrabond\/primer polusuhim kistom na vrh nokta, izbjegavaju\u0107i kontakt s ko\u017eom<\/li>\n<li>Nanesite tanki sloj Smart rubber base<\/li>\n<li>Su\u0161ite u lampi 60 sekundi<\/li>\n<li>Uklonite ljepljivi sloj<\/li>\n<li>Nanesite prvi tanki sloj i su\u0161ite u lampi 60 sekundi<\/li>\n<li>Nanesite drugi sloj uz minimalno izravnavanje i su\u0161ite 90 sekundi<\/li>\n<\/ul>\n<hr \/>\n<p><strong>Karakteristike:<\/strong><\/p>\n<p>Za duge nokte i rad s kamufla\u017enim materijalima preporu\u010duje se kori\u0161tenje Builder gela ili Liquid polygela.<br \/>\nBaze s jednom aplikacijom dostupne su u nude nijansama poput Nude, Rosy Milk i sl.<br \/>\nMaksimalna debljina u apex zoni ne smije prelaziti 1 mm.<\/p>\n<hr \/>\n<p><strong>Vrijeme su\u0161enja:<\/strong> LED lampa 48W \u2014 60\u201390 sekundi<\/p>\n<hr \/>\n<p><strong>INCI:<\/strong><br \/>\nDi-Hema Trimethylhexyl Dicarbamate, HEMA, Isobornyl Methacrylate, Hydroxycyclohexyl Phenyl Ketone, Ethyl Trimethylbenzoyl Phenylphosphinate<\/p>\n<p><strong>Mo\u017ee sadr\u017eavati:<\/strong><br \/>\nCI 77891, CI 77499, CI 14700, CI 47000, CI 42090, CI 60730, CI 15510, CI 45380, CI 77742<\/p>","protected":false},"excerpt":{"rendered":"<p>&nbsp; TOUCH COVER BASE \u2014 elasti\u010dne kamufla\u017ene baze srednje guste konzistencije s izvrsnim svojstvima samoniveliranja. U\u010dinkovito prekrivaju nepravilnosti na nokatnoj<\/p>","protected":false},"featured_media":29110,"comment_status":"open","ping_status":"closed","template":"","meta":[],"product_cat":[109],"product_tag":[110,123,122,113,112],"class_list":{"0":"post-29109","1":"product","2":"type-product","3":"status-publish","4":"has-post-thumbnail","6":"product_cat-baza","7":"product_tag-baza","8":"product_tag-cover-base","9":"product_tag-cover-baza","10":"product_tag-gradivni-trajni-lak","11":"product_tag-trajni-lak","13":"first","14":"instock","15":"shipping-taxable","16":"purchasable","17":"product-type-simple"},"_links":{"self":[{"href":"https:\/\/visageconceptstore.eu\/en\/wp-json\/wp\/v2\/product\/29109","targetHints":{"allow":["GET"]}}],"collection":[{"href":"https:\/\/visageconceptstore.eu\/en\/wp-json\/wp\/v2\/product"}],"about":[{"href":"https:\/\/visageconceptstore.eu\/en\/wp-json\/wp\/v2\/types\/product"}],"replies":[{"embeddable":true,"href":"https:\/\/visageconceptstore.eu\/en\/wp-json\/wp\/v2\/comments?post=29109"}],"version-history":[{"count":3,"href":"https:\/\/visageconceptstore.eu\/en\/wp-json\/wp\/v2\/product\/29109\/revisions"}],"predecessor-version":[{"id":29160,"href":"https:\/\/visageconceptstore.eu\/en\/wp-json\/wp\/v2\/product\/29109\/revisions\/29160"}],"wp:featuredmedia":[{"embeddable":true,"href":"https:\/\/visageconceptstore.eu\/en\/wp-json\/wp\/v2\/media\/29110"}],"wp:attachment":[{"href":"https:\/\/visageconceptstore.eu\/en\/wp-json\/wp\/v2\/media?parent=29109"}],"wp:term":[{"taxonomy":"product_cat","embeddable":true,"href":"https:\/\/visageconceptstore.eu\/en\/wp-json\/wp\/v2\/product_cat?post=29109"},{"taxonomy":"product_tag","embeddable":true,"href":"https:\/\/visageconceptstore.eu\/en\/wp-json\/wp\/v2\/product_tag?post=29109"}],"curies":[{"name":"wp","href":"https:\/\/api.w.org\/{rel}","templated":true}]}}