{"id":29296,"date":"2026-04-28T19:59:03","date_gmt":"2026-04-28T19:59:03","guid":{"rendered":"https:\/\/visageconceptstore.eu\/?post_type=product&#038;p=29296"},"modified":"2026-04-30T09:49:21","modified_gmt":"2026-04-30T09:49:21","slug":"touch-nail-prep-dehydrator-13ml","status":"publish","type":"product","link":"https:\/\/visageconceptstore.eu\/en\/product\/touch-nail-prep-dehydrator-13ml\/","title":{"rendered":"TOUCH Nail Prep Dehydrator 13ml"},"content":{"rendered":"<p><strong>TOUCH DEHYDRATOR<\/strong> \u2014 teku\u0107ina za pripremu prirodnih noktiju prije nano\u0161enja umjetnih premaza. Koristi se za odma\u0161\u0107ivanje i uklanjanje vi\u0161ka vlage s povr\u0161inskog sloja nokatne plo\u010de.<\/p>\n<hr \/>\n<p><strong>Prednosti TOUCH DEHYDRATOR-a:<\/strong><\/p>\n<ul>\n<li>uklanja vi\u0161ak vlage s nokatne plo\u010de<\/li>\n<li>odma\u0161\u0107uje i poma\u017ee u sprje\u010davanju razvoja bakterija<\/li>\n<li>poja\u010dava djelovanje primera<\/li>\n<li>neizostavan za klijente s vla\u017enim noktima<\/li>\n<li>su\u0161i se na zraku<\/li>\n<li>ne isu\u0161uje ko\u017eu<\/li>\n<\/ul>\n<hr \/>\n<p><strong>Karakteristike:<\/strong><\/p>\n<p>TOUCH DEHYDRATOR u\u010dinkovito \u010disti i isu\u0161uje nokatnu plo\u010du te je pogodan za sve vrste umjetnih premaza.<\/p>\n<hr \/>\n<p><strong>Na\u010din primjene:<\/strong><\/p>\n<ol>\n<li>Uklonite postoje\u0107i materijal (ako postoji)<\/li>\n<li>Oblikujte nokte turpijom<\/li>\n<li>Napravite manikuru<\/li>\n<li>O\u010distite nokte odma\u0161\u0107iva\u010dem<\/li>\n<li>Nanesite TOUCH DEHYDRATOR<\/li>\n<li>Nastavite s uobi\u010dajenim postupkom izrade noktiju<\/li>\n<\/ol>\n<p><strong>Vrijeme su\u0161enja:<\/strong> su\u0161i se na zraku unutar 20 sekundi<\/p>\n<hr \/>\n<p><strong>INCI:<\/strong><br \/>\nPropan-2-ol, Ethyl Acetate, Isobutyl Acetate<\/p>","protected":false},"excerpt":{"rendered":"<p>TOUCH DEHYDRATOR \u2014 teku\u0107ina za pripremu prirodnih noktiju prije nano\u0161enja umjetnih premaza. Koristi se za odma\u0161\u0107ivanje i uklanjanje vi\u0161ka vlage<\/p>","protected":false},"featured_media":29297,"comment_status":"open","ping_status":"closed","template":"","meta":[],"product_cat":[103],"product_tag":[127,128,125,126],"class_list":{"0":"post-29296","1":"product","2":"type-product","3":"status-publish","4":"has-post-thumbnail","6":"product_cat-pripremne-tekucine","7":"product_tag-dehidrator","8":"product_tag-dehydrator","9":"product_tag-prep","10":"product_tag-pripremna-tekucina","12":"first","13":"instock","14":"shipping-taxable","15":"purchasable","16":"product-type-simple"},"_links":{"self":[{"href":"https:\/\/visageconceptstore.eu\/en\/wp-json\/wp\/v2\/product\/29296","targetHints":{"allow":["GET"]}}],"collection":[{"href":"https:\/\/visageconceptstore.eu\/en\/wp-json\/wp\/v2\/product"}],"about":[{"href":"https:\/\/visageconceptstore.eu\/en\/wp-json\/wp\/v2\/types\/product"}],"replies":[{"embeddable":true,"href":"https:\/\/visageconceptstore.eu\/en\/wp-json\/wp\/v2\/comments?post=29296"}],"version-history":[{"count":3,"href":"https:\/\/visageconceptstore.eu\/en\/wp-json\/wp\/v2\/product\/29296\/revisions"}],"predecessor-version":[{"id":29305,"href":"https:\/\/visageconceptstore.eu\/en\/wp-json\/wp\/v2\/product\/29296\/revisions\/29305"}],"wp:featuredmedia":[{"embeddable":true,"href":"https:\/\/visageconceptstore.eu\/en\/wp-json\/wp\/v2\/media\/29297"}],"wp:attachment":[{"href":"https:\/\/visageconceptstore.eu\/en\/wp-json\/wp\/v2\/media?parent=29296"}],"wp:term":[{"taxonomy":"product_cat","embeddable":true,"href":"https:\/\/visageconceptstore.eu\/en\/wp-json\/wp\/v2\/product_cat?post=29296"},{"taxonomy":"product_tag","embeddable":true,"href":"https:\/\/visageconceptstore.eu\/en\/wp-json\/wp\/v2\/product_tag?post=29296"}],"curies":[{"name":"wp","href":"https:\/\/api.w.org\/{rel}","templated":true}]}}